{"id":2304,"date":"2025-06-27T02:19:20","date_gmt":"2025-06-27T00:19:20","guid":{"rendered":"https:\/\/osadanadjeziorem.pl\/goscie\/?page_id=2304"},"modified":"2026-03-24T23:38:35","modified_gmt":"2026-03-24T22:38:35","slug":"sala-muzyczna","status":"publish","type":"page","link":"https:\/\/osadanadjeziorem.pl\/goscie\/sala-muzyczna\/","title":{"rendered":"Sala muzyczna"},"content":{"rendered":"\t\t<div data-elementor-type=\"wp-page\" data-elementor-id=\"2304\" class=\"elementor elementor-2304\">\n\t\t\t\t<div class=\"elementor-element elementor-element-45bf2d55 e-flex e-con-boxed e-con e-parent\" data-id=\"45bf2d55\" data-element_type=\"container\">\n\t\t\t\t\t<div class=\"e-con-inner\">\n\t\t\t\t<div class=\"elementor-element elementor-element-5e92b4f7 elementor-button-info elementor-align-center elementor-widget elementor-widget-button\" data-id=\"5e92b4f7\" data-element_type=\"widget\" data-widget_type=\"button.default\">\n\t\t\t\t<div class=\"elementor-widget-container\">\n\t\t\t\t\t\t\t\t\t<div class=\"elementor-button-wrapper\">\n\t\t\t\t\t<a class=\"elementor-button elementor-button-link elementor-size-sm\" href=\"https:\/\/osadanadjeziorem.pl\/goscie\/plazowanie\/\">\n\t\t\t\t\t\t<span class=\"elementor-button-content-wrapper\">\n\t\t\t\t\t\t\t\t\t<span class=\"elementor-button-text\">Pla\u017cowanie<\/span>\n\t\t\t\t\t<\/span>\n\t\t\t\t\t<\/a>\n\t\t\t\t<\/div>\n\t\t\t\t\t\t\t\t<\/div>\n\t\t\t\t<\/div>\n\t\t\t\t<div class=\"elementor-element elementor-element-aad11e9 elementor-button-info elementor-align-center elementor-widget elementor-widget-button\" data-id=\"aad11e9\" data-element_type=\"widget\" data-widget_type=\"button.default\">\n\t\t\t\t<div class=\"elementor-widget-container\">\n\t\t\t\t\t\t\t\t\t<div class=\"elementor-button-wrapper\">\n\t\t\t\t\t<a class=\"elementor-button elementor-button-link elementor-size-sm\" href=\"https:\/\/osadanadjeziorem.pl\/goscie\/wedkowanie\/\">\n\t\t\t\t\t\t<span class=\"elementor-button-content-wrapper\">\n\t\t\t\t\t\t\t\t\t<span class=\"elementor-button-text\">W\u0119dkowanie<\/span>\n\t\t\t\t\t<\/span>\n\t\t\t\t\t<\/a>\n\t\t\t\t<\/div>\n\t\t\t\t\t\t\t\t<\/div>\n\t\t\t\t<\/div>\n\t\t\t\t<div class=\"elementor-element elementor-element-2149dea8 elementor-button-info elementor-align-center elementor-widget elementor-widget-button\" data-id=\"2149dea8\" data-element_type=\"widget\" data-widget_type=\"button.default\">\n\t\t\t\t<div class=\"elementor-widget-container\">\n\t\t\t\t\t\t\t\t\t<div class=\"elementor-button-wrapper\">\n\t\t\t\t\t<a class=\"elementor-button elementor-button-link elementor-size-sm\" href=\"https:\/\/osadanadjeziorem.pl\/goscie\/kajaki-i-lodki\/\">\n\t\t\t\t\t\t<span class=\"elementor-button-content-wrapper\">\n\t\t\t\t\t\t\t\t\t<span class=\"elementor-button-text\">Kajaki i \u0142\u00f3dki<\/span>\n\t\t\t\t\t<\/span>\n\t\t\t\t\t<\/a>\n\t\t\t\t<\/div>\n\t\t\t\t\t\t\t\t<\/div>\n\t\t\t\t<\/div>\n\t\t\t\t<div class=\"elementor-element elementor-element-146b7203 elementor-button-info elementor-align-center elementor-widget elementor-widget-button\" data-id=\"146b7203\" data-element_type=\"widget\" data-widget_type=\"button.default\">\n\t\t\t\t<div class=\"elementor-widget-container\">\n\t\t\t\t\t\t\t\t\t<div class=\"elementor-button-wrapper\">\n\t\t\t\t\t<a class=\"elementor-button elementor-button-link elementor-size-sm\" href=\"https:\/\/osadanadjeziorem.pl\/goscie\/do-lasu-i-na-grzyby\/\">\n\t\t\t\t\t\t<span class=\"elementor-button-content-wrapper\">\n\t\t\t\t\t\t\t\t\t<span class=\"elementor-button-text\">Do lasu i na grzyby<\/span>\n\t\t\t\t\t<\/span>\n\t\t\t\t\t<\/a>\n\t\t\t\t<\/div>\n\t\t\t\t\t\t\t\t<\/div>\n\t\t\t\t<\/div>\n\t\t\t\t<div class=\"elementor-element elementor-element-11f606f0 elementor-button-info elementor-align-center elementor-widget elementor-widget-button\" data-id=\"11f606f0\" data-element_type=\"widget\" data-widget_type=\"button.default\">\n\t\t\t\t<div class=\"elementor-widget-container\">\n\t\t\t\t\t\t\t\t\t<div class=\"elementor-button-wrapper\">\n\t\t\t\t\t<a class=\"elementor-button elementor-button-link elementor-size-sm\" href=\"https:\/\/osadanadjeziorem.pl\/goscie\/sala-muzyczna\/\">\n\t\t\t\t\t\t<span class=\"elementor-button-content-wrapper\">\n\t\t\t\t\t\t\t\t\t<span class=\"elementor-button-text\">Sala muzyczna<\/span>\n\t\t\t\t\t<\/span>\n\t\t\t\t\t<\/a>\n\t\t\t\t<\/div>\n\t\t\t\t\t\t\t\t<\/div>\n\t\t\t\t<\/div>\n\t\t\t\t<div class=\"elementor-element elementor-element-a8ce017 elementor-button-info elementor-align-center elementor-widget elementor-widget-button\" data-id=\"a8ce017\" data-element_type=\"widget\" data-widget_type=\"button.default\">\n\t\t\t\t<div class=\"elementor-widget-container\">\n\t\t\t\t\t\t\t\t\t<div class=\"elementor-button-wrapper\">\n\t\t\t\t\t<a class=\"elementor-button elementor-button-link elementor-size-sm\" href=\"https:\/\/osadanadjeziorem.pl\/goscie\/okolica\/\">\n\t\t\t\t\t\t<span class=\"elementor-button-content-wrapper\">\n\t\t\t\t\t\t\t\t\t<span class=\"elementor-button-text\">Okolica<\/span>\n\t\t\t\t\t<\/span>\n\t\t\t\t\t<\/a>\n\t\t\t\t<\/div>\n\t\t\t\t\t\t\t\t<\/div>\n\t\t\t\t<\/div>\n\t\t\t\t\t<\/div>\n\t\t\t\t<\/div>\n\t\t<div class=\"elementor-element elementor-element-7daf3a30 e-flex e-con-boxed e-con e-parent\" data-id=\"7daf3a30\" data-element_type=\"container\">\n\t\t\t\t\t<div class=\"e-con-inner\">\n\t\t<div class=\"elementor-element elementor-element-3501fab7 e-con-full e-flex e-con e-child\" data-id=\"3501fab7\" data-element_type=\"container\">\n\t\t\t\t<div class=\"elementor-element elementor-element-45f902c hover-grow elementor-arrows-position-inside elementor-pagination-position-outside elementor-widget elementor-widget-image-carousel\" data-id=\"45f902c\" data-element_type=\"widget\" data-settings=\"{&quot;slides_to_show&quot;:&quot;1&quot;,&quot;navigation&quot;:&quot;both&quot;,&quot;infinite&quot;:&quot;yes&quot;,&quot;effect&quot;:&quot;slide&quot;,&quot;speed&quot;:500}\" data-widget_type=\"image-carousel.default\">\n\t\t\t\t<div class=\"elementor-widget-container\">\n\t\t\t\t\t\t\t<div class=\"elementor-image-carousel-wrapper swiper\" role=\"region\" aria-roledescription=\"carousel\" aria-label=\"Karuzela obrazk\u00f3w\" dir=\"ltr\">\n\t\t\t<div class=\"elementor-image-carousel swiper-wrapper\" aria-live=\"polite\">\n\t\t\t\t\t\t\t\t<div class=\"swiper-slide\" role=\"group\" aria-roledescription=\"slide\" aria-label=\"1 z 5\"><a data-elementor-open-lightbox=\"yes\" data-elementor-lightbox-slideshow=\"45f902c\" data-e-action-hash=\"#elementor-action%3Aaction%3Dlightbox%26settings%3DeyJpZCI6MjQ0MiwidXJsIjoiaHR0cHM6XC9cL29zYWRhbmFkamV6aW9yZW0ucGxcL2dvc2NpZVwvd3AtY29udGVudFwvdXBsb2Fkc1wvMjAyNVwvMDZcL3NhbGthLW11enljem5hLTYtc2NhbGVkLndlYnAiLCJzbGlkZXNob3ciOiI0NWY5MDJjIn0%3D\" href=\"https:\/\/osadanadjeziorem.pl\/goscie\/wp-content\/uploads\/2025\/06\/salka-muzyczna-6-scaled.webp\"><figure class=\"swiper-slide-inner\"><img decoding=\"async\" class=\"swiper-slide-image\" src=\"https:\/\/osadanadjeziorem.pl\/goscie\/wp-content\/uploads\/2025\/06\/salka-muzyczna-6-1536x2048.webp\" alt=\"\" \/><\/figure><\/a><\/div><div class=\"swiper-slide\" role=\"group\" aria-roledescription=\"slide\" aria-label=\"2 z 5\"><a data-elementor-open-lightbox=\"yes\" data-elementor-lightbox-slideshow=\"45f902c\" data-e-action-hash=\"#elementor-action%3Aaction%3Dlightbox%26settings%3DeyJpZCI6MzA1MSwidXJsIjoiaHR0cHM6XC9cL29zYWRhbmFkamV6aW9yZW0ucGxcL2dvc2NpZVwvd3AtY29udGVudFwvdXBsb2Fkc1wvMjAyNlwvMDNcL3NhbGEtbXV6eWN6bmEtbGVnby1zY2FsZWQuanBnIiwic2xpZGVzaG93IjoiNDVmOTAyYyJ9\" href=\"https:\/\/osadanadjeziorem.pl\/goscie\/wp-content\/uploads\/2026\/03\/sala-muzyczna-lego-scaled.jpg\"><figure class=\"swiper-slide-inner\"><img decoding=\"async\" class=\"swiper-slide-image\" src=\"https:\/\/osadanadjeziorem.pl\/goscie\/wp-content\/uploads\/2026\/03\/sala-muzyczna-lego-1536x2048.jpg\" alt=\"\" \/><\/figure><\/a><\/div><div class=\"swiper-slide\" role=\"group\" aria-roledescription=\"slide\" aria-label=\"3 z 5\"><a data-elementor-open-lightbox=\"yes\" data-elementor-lightbox-slideshow=\"45f902c\" data-e-action-hash=\"#elementor-action%3Aaction%3Dlightbox%26settings%3DeyJpZCI6MjQzNywidXJsIjoiaHR0cHM6XC9cL29zYWRhbmFkamV6aW9yZW0ucGxcL2dvc2NpZVwvd3AtY29udGVudFwvdXBsb2Fkc1wvMjAyNVwvMDZcL3NhbGthLW11enljem5hLXNjYWxlZC53ZWJwIiwic2xpZGVzaG93IjoiNDVmOTAyYyJ9\" href=\"https:\/\/osadanadjeziorem.pl\/goscie\/wp-content\/uploads\/2025\/06\/salka-muzyczna-scaled.webp\"><figure class=\"swiper-slide-inner\"><img decoding=\"async\" class=\"swiper-slide-image\" src=\"https:\/\/osadanadjeziorem.pl\/goscie\/wp-content\/uploads\/2025\/06\/salka-muzyczna-1536x2048.webp\" alt=\"\" \/><\/figure><\/a><\/div><div class=\"swiper-slide\" role=\"group\" aria-roledescription=\"slide\" aria-label=\"4 z 5\"><a data-elementor-open-lightbox=\"yes\" data-elementor-lightbox-slideshow=\"45f902c\" data-e-action-hash=\"#elementor-action%3Aaction%3Dlightbox%26settings%3DeyJpZCI6MjQ0MSwidXJsIjoiaHR0cHM6XC9cL29zYWRhbmFkamV6aW9yZW0ucGxcL2dvc2NpZVwvd3AtY29udGVudFwvdXBsb2Fkc1wvMjAyNVwvMDZcL3NhbGthLW11enljem5hLTUtc2NhbGVkLndlYnAiLCJzbGlkZXNob3ciOiI0NWY5MDJjIn0%3D\" href=\"https:\/\/osadanadjeziorem.pl\/goscie\/wp-content\/uploads\/2025\/06\/salka-muzyczna-5-scaled.webp\"><figure class=\"swiper-slide-inner\"><img decoding=\"async\" class=\"swiper-slide-image\" src=\"https:\/\/osadanadjeziorem.pl\/goscie\/wp-content\/uploads\/2025\/06\/salka-muzyczna-5-1536x2048.webp\" alt=\"\" \/><\/figure><\/a><\/div><div class=\"swiper-slide\" role=\"group\" aria-roledescription=\"slide\" aria-label=\"5 z 5\"><a data-elementor-open-lightbox=\"yes\" data-elementor-lightbox-slideshow=\"45f902c\" data-e-action-hash=\"#elementor-action%3Aaction%3Dlightbox%26settings%3DeyJpZCI6MjQzOCwidXJsIjoiaHR0cHM6XC9cL29zYWRhbmFkamV6aW9yZW0ucGxcL2dvc2NpZVwvd3AtY29udGVudFwvdXBsb2Fkc1wvMjAyNVwvMDZcL3NhbGthLW11enljem5hLTItc2NhbGVkLndlYnAiLCJzbGlkZXNob3ciOiI0NWY5MDJjIn0%3D\" href=\"https:\/\/osadanadjeziorem.pl\/goscie\/wp-content\/uploads\/2025\/06\/salka-muzyczna-2-scaled.webp\"><figure class=\"swiper-slide-inner\"><img decoding=\"async\" class=\"swiper-slide-image\" src=\"https:\/\/osadanadjeziorem.pl\/goscie\/wp-content\/uploads\/2025\/06\/salka-muzyczna-2-1536x2048.webp\" alt=\"\" \/><\/figure><\/a><\/div>\t\t\t<\/div>\n\t\t\t\t\t\t\t\t\t\t\t\t<div class=\"elementor-swiper-button elementor-swiper-button-prev\" role=\"button\" tabindex=\"0\">\n\t\t\t\t\t\t<i aria-hidden=\"true\" class=\"eicon-chevron-left\"><\/i>\t\t\t\t\t<\/div>\n\t\t\t\t\t<div class=\"elementor-swiper-button elementor-swiper-button-next\" role=\"button\" tabindex=\"0\">\n\t\t\t\t\t\t<i aria-hidden=\"true\" class=\"eicon-chevron-right\"><\/i>\t\t\t\t\t<\/div>\n\t\t\t\t\n\t\t\t\t\t\t\t\t\t<div class=\"swiper-pagination\"><\/div>\n\t\t\t\t\t\t\t\t\t<\/div>\n\t\t\t\t\t\t<\/div>\n\t\t\t\t<\/div>\n\t\t\t\t<\/div>\n\t\t<div class=\"elementor-element elementor-element-3db6fc72 e-con-full e-flex e-con e-child\" data-id=\"3db6fc72\" data-element_type=\"container\">\n\t\t\t\t<div class=\"elementor-element elementor-element-4449a262 animated-slow elementor-invisible elementor-widget elementor-widget-heading\" data-id=\"4449a262\" data-element_type=\"widget\" data-settings=\"{&quot;_animation&quot;:&quot;fadeIn&quot;}\" data-widget_type=\"heading.default\">\n\t\t\t\t<div class=\"elementor-widget-container\">\n\t\t\t\t\t<h2 class=\"elementor-heading-title elementor-size-default\">Sala muzyczna<\/h2>\t\t\t\t<\/div>\n\t\t\t\t<\/div>\n\t\t\t\t<div class=\"elementor-element elementor-element-b059866 animated-slow elementor-widget__width-initial elementor-invisible elementor-widget elementor-widget-text-editor\" data-id=\"b059866\" data-element_type=\"widget\" data-settings=\"{&quot;_animation&quot;:&quot;fadeIn&quot;,&quot;_animation_delay&quot;:120}\" data-widget_type=\"text-editor.default\">\n\t\t\t\t<div class=\"elementor-widget-container\">\n\t\t\t\t\t\t\t\t\t<p>Nasza sala to 80m\u00b2 otwartej przestrzeni do pracy z d\u017awi\u0119kiem i \u015bwiat\u0142em. Mo\u017cesz tworzy\u0107 solo lub z zespo\u0142em &#8211; w swoim tempie i na w\u0142asnych zasadach!<\/p>\t\t\t\t\t\t\t\t<\/div>\n\t\t\t\t<\/div>\n\t\t\t\t<div class=\"elementor-element elementor-element-784e267 animated-slow elementor-invisible elementor-widget elementor-widget-heading\" data-id=\"784e267\" data-element_type=\"widget\" data-settings=\"{&quot;_animation&quot;:&quot;fadeIn&quot;}\" data-widget_type=\"heading.default\">\n\t\t\t\t<div class=\"elementor-widget-container\">\n\t\t\t\t\t<h2 class=\"elementor-heading-title elementor-size-default\">Warsztat naprawczy, czyli przestrze\u0144 tw\u00f3rcza<\/h2>\t\t\t\t<\/div>\n\t\t\t\t<\/div>\n\t\t\t\t<div class=\"elementor-element elementor-element-904aa41 animated-slow elementor-invisible elementor-widget elementor-widget-text-editor\" data-id=\"904aa41\" data-element_type=\"widget\" data-settings=\"{&quot;_animation&quot;:&quot;fadeIn&quot;,&quot;_animation_delay&quot;:120}\" data-widget_type=\"text-editor.default\">\n\t\t\t\t<div class=\"elementor-widget-container\">\n\t\t\t\t\t\t\t\t\t<p>Dajemy Ci te\u017c mo\u017cliwo\u015b\u0107 <strong style=\"color: #2baf95;\">naprawiania siebie.<\/strong> Jeste\u015bmy otwarci na organizacj\u0119 wszelkich zaj\u0119\u0107, takich jak np.:<\/p><ul><li>terapia ruchem,<\/li><li>\u0107wiczenia muzyczne,<\/li><li>zaj\u0119cia pedagogiczne i edukacyjne.<\/li><\/ul><p>A je\u015bli wolisz sp\u0119dzi\u0107 czas ze sob\u0105 samym lub z naszymi pi\u0119cioma pude\u0142kami klock\u00f3w LEGO &#8211; \u015bmia\u0142o!<\/p><p>\u00a0<\/p><p><strong style=\"color: #2baf95;\">Drewniana, przestronna i przytulna przestrze\u0144<\/strong> daje przede wszystkim swobod\u0119. Pozwala dzia\u0142a\u0107 na w\u0142asnych zasadach i we w\u0142asnym tempie!<\/p>\t\t\t\t\t\t\t\t<\/div>\n\t\t\t\t<\/div>\n\t\t\t\t<\/div>\n\t\t\t\t\t<\/div>\n\t\t\t\t<\/div>\n\t\t<div class=\"elementor-element elementor-element-7ef7e1e5 e-flex e-con-boxed e-con e-parent\" data-id=\"7ef7e1e5\" data-element_type=\"container\">\n\t\t\t\t\t<div class=\"e-con-inner\">\n\t\t\t\t<div class=\"elementor-element elementor-element-e753ffa hover-grow elementor-arrows-position-inside elementor-pagination-position-outside elementor-widget elementor-widget-image-carousel\" data-id=\"e753ffa\" data-element_type=\"widget\" data-settings=\"{&quot;slides_to_show&quot;:&quot;1&quot;,&quot;navigation&quot;:&quot;both&quot;,&quot;autoplay&quot;:&quot;yes&quot;,&quot;pause_on_hover&quot;:&quot;yes&quot;,&quot;pause_on_interaction&quot;:&quot;yes&quot;,&quot;autoplay_speed&quot;:5000,&quot;infinite&quot;:&quot;yes&quot;,&quot;effect&quot;:&quot;slide&quot;,&quot;speed&quot;:500}\" data-widget_type=\"image-carousel.default\">\n\t\t\t\t<div class=\"elementor-widget-container\">\n\t\t\t\t\t\t\t<div class=\"elementor-image-carousel-wrapper swiper\" role=\"region\" aria-roledescription=\"carousel\" aria-label=\"Karuzela obrazk\u00f3w\" dir=\"ltr\">\n\t\t\t<div class=\"elementor-image-carousel swiper-wrapper\" aria-live=\"off\">\n\t\t\t\t\t\t\t\t<div class=\"swiper-slide\" role=\"group\" aria-roledescription=\"slide\" aria-label=\"1 z 3\"><a data-elementor-open-lightbox=\"yes\" data-elementor-lightbox-slideshow=\"e753ffa\" data-e-action-hash=\"#elementor-action%3Aaction%3Dlightbox%26settings%3DeyJpZCI6MjQzOSwidXJsIjoiaHR0cHM6XC9cL29zYWRhbmFkamV6aW9yZW0ucGxcL2dvc2NpZVwvd3AtY29udGVudFwvdXBsb2Fkc1wvMjAyNVwvMDZcL3NhbGthLW11enljem5hLTMtc2NhbGVkLndlYnAiLCJzbGlkZXNob3ciOiJlNzUzZmZhIn0%3D\" href=\"https:\/\/osadanadjeziorem.pl\/goscie\/wp-content\/uploads\/2025\/06\/salka-muzyczna-3-scaled.webp\"><figure class=\"swiper-slide-inner\"><img decoding=\"async\" class=\"swiper-slide-image\" src=\"https:\/\/osadanadjeziorem.pl\/goscie\/wp-content\/uploads\/2025\/06\/salka-muzyczna-3-scaled.webp\" alt=\"\" \/><\/figure><\/a><\/div><div class=\"swiper-slide\" role=\"group\" aria-roledescription=\"slide\" aria-label=\"2 z 3\"><a data-elementor-open-lightbox=\"yes\" data-elementor-lightbox-slideshow=\"e753ffa\" data-e-action-hash=\"#elementor-action%3Aaction%3Dlightbox%26settings%3DeyJpZCI6MjQ0MCwidXJsIjoiaHR0cHM6XC9cL29zYWRhbmFkamV6aW9yZW0ucGxcL2dvc2NpZVwvd3AtY29udGVudFwvdXBsb2Fkc1wvMjAyNVwvMDZcL3NhbGthLW11enljem5hLTQtc2NhbGVkLndlYnAiLCJzbGlkZXNob3ciOiJlNzUzZmZhIn0%3D\" href=\"https:\/\/osadanadjeziorem.pl\/goscie\/wp-content\/uploads\/2025\/06\/salka-muzyczna-4-scaled.webp\"><figure class=\"swiper-slide-inner\"><img decoding=\"async\" class=\"swiper-slide-image\" src=\"https:\/\/osadanadjeziorem.pl\/goscie\/wp-content\/uploads\/2025\/06\/salka-muzyczna-4-scaled.webp\" alt=\"\" \/><\/figure><\/a><\/div><div class=\"swiper-slide\" role=\"group\" aria-roledescription=\"slide\" aria-label=\"3 z 3\"><a data-elementor-open-lightbox=\"yes\" data-elementor-lightbox-slideshow=\"e753ffa\" data-e-action-hash=\"#elementor-action%3Aaction%3Dlightbox%26settings%3DeyJpZCI6MzA1MiwidXJsIjoiaHR0cHM6XC9cL29zYWRhbmFkamV6aW9yZW0ucGxcL2dvc2NpZVwvd3AtY29udGVudFwvdXBsb2Fkc1wvMjAyNlwvMDNcL3NhbGEtbXV6eWN6bmEtbGVnby1wb3ppb20tc2NhbGVkLmpwZyIsInNsaWRlc2hvdyI6ImU3NTNmZmEifQ%3D%3D\" href=\"https:\/\/osadanadjeziorem.pl\/goscie\/wp-content\/uploads\/2026\/03\/sala-muzyczna-lego-poziom-scaled.jpg\"><figure class=\"swiper-slide-inner\"><img decoding=\"async\" class=\"swiper-slide-image\" src=\"https:\/\/osadanadjeziorem.pl\/goscie\/wp-content\/uploads\/2026\/03\/sala-muzyczna-lego-poziom-scaled.jpg\" alt=\"\" \/><\/figure><\/a><\/div>\t\t\t<\/div>\n\t\t\t\t\t\t\t\t\t\t\t\t<div class=\"elementor-swiper-button elementor-swiper-button-prev\" role=\"button\" tabindex=\"0\">\n\t\t\t\t\t\t<i aria-hidden=\"true\" class=\"eicon-chevron-left\"><\/i>\t\t\t\t\t<\/div>\n\t\t\t\t\t<div class=\"elementor-swiper-button elementor-swiper-button-next\" role=\"button\" tabindex=\"0\">\n\t\t\t\t\t\t<i aria-hidden=\"true\" class=\"eicon-chevron-right\"><\/i>\t\t\t\t\t<\/div>\n\t\t\t\t\n\t\t\t\t\t\t\t\t\t<div class=\"swiper-pagination\"><\/div>\n\t\t\t\t\t\t\t\t\t<\/div>\n\t\t\t\t\t\t<\/div>\n\t\t\t\t<\/div>\n\t\t\t\t\t<\/div>\n\t\t\t\t<\/div>\n\t\t\t\t<\/div>\n\t\t","protected":false},"excerpt":{"rendered":"<p>Pla\u017cowanie W\u0119dkowanie Kajaki i \u0142\u00f3dki Do lasu i na grzyby Sala muzyczna Okolica Sala muzyczna Nasza sala to 80m\u00b2 otwartej przestrzeni do pracy z d\u017awi\u0119kiem i \u015bwiat\u0142em. Mo\u017cesz tworzy\u0107 solo lub z zespo\u0142em &#8211; w swoim tempie i na w\u0142asnych zasadach! Warsztat naprawczy, czyli przestrze\u0144 tw\u00f3rcza Dajemy Ci te\u017c mo\u017cliwo\u015b\u0107 naprawiania siebie. Jeste\u015bmy otwarci na [&hellip;]<\/p>\n","protected":false},"author":3,"featured_media":0,"parent":0,"menu_order":0,"comment_status":"closed","ping_status":"closed","template":"","meta":{"site-sidebar-layout":"no-sidebar","site-content-layout":"page-builder","ast-site-content-layout":"full-width-container","site-content-style":"default","site-sidebar-style":"default","ast-global-header-display":"","ast-banner-title-visibility":"","ast-main-header-display":"","ast-hfb-above-header-display":"","ast-hfb-below-header-display":"","ast-hfb-mobile-header-display":"","site-post-title":"disabled","ast-breadcrumbs-content":"","ast-featured-img":"disabled","footer-sml-layout":"","theme-transparent-header-meta":"","adv-header-id-meta":"","stick-header-meta":"","header-above-stick-meta":"","header-main-stick-meta":"","header-below-stick-meta":"","astra-migrate-meta-layouts":"set","ast-page-background-enabled":"default","ast-page-background-meta":{"desktop":{"background-color":"var(--ast-global-color-4)","background-image":"","background-repeat":"repeat","background-position":"center center","background-size":"auto","background-attachment":"scroll","background-type":"","background-media":"","overlay-type":"","overlay-color":"","overlay-opacity":"","overlay-gradient":""},"tablet":{"background-color":"","background-image":"","background-repeat":"repeat","background-position":"center center","background-size":"auto","background-attachment":"scroll","background-type":"","background-media":"","overlay-type":"","overlay-color":"","overlay-opacity":"","overlay-gradient":""},"mobile":{"background-color":"","background-image":"","background-repeat":"repeat","background-position":"center center","background-size":"auto","background-attachment":"scroll","background-type":"","background-media":"","overlay-type":"","overlay-color":"","overlay-opacity":"","overlay-gradient":""}},"ast-content-background-meta":{"desktop":{"background-color":"var(--ast-global-color-5)","background-image":"","background-repeat":"repeat","background-position":"center center","background-size":"auto","background-attachment":"scroll","background-type":"","background-media":"","overlay-type":"","overlay-color":"","overlay-opacity":"","overlay-gradient":""},"tablet":{"background-color":"var(--ast-global-color-5)","background-image":"","background-repeat":"repeat","background-position":"center center","background-size":"auto","background-attachment":"scroll","background-type":"","background-media":"","overlay-type":"","overlay-color":"","overlay-opacity":"","overlay-gradient":""},"mobile":{"background-color":"var(--ast-global-color-5)","background-image":"","background-repeat":"repeat","background-position":"center center","background-size":"auto","background-attachment":"scroll","background-type":"","background-media":"","overlay-type":"","overlay-color":"","overlay-opacity":"","overlay-gradient":""}},"footnotes":""},"class_list":["post-2304","page","type-page","status-publish","hentry"],"_links":{"self":[{"href":"https:\/\/osadanadjeziorem.pl\/goscie\/wp-json\/wp\/v2\/pages\/2304","targetHints":{"allow":["GET"]}}],"collection":[{"href":"https:\/\/osadanadjeziorem.pl\/goscie\/wp-json\/wp\/v2\/pages"}],"about":[{"href":"https:\/\/osadanadjeziorem.pl\/goscie\/wp-json\/wp\/v2\/types\/page"}],"author":[{"embeddable":true,"href":"https:\/\/osadanadjeziorem.pl\/goscie\/wp-json\/wp\/v2\/users\/3"}],"replies":[{"embeddable":true,"href":"https:\/\/osadanadjeziorem.pl\/goscie\/wp-json\/wp\/v2\/comments?post=2304"}],"version-history":[{"count":112,"href":"https:\/\/osadanadjeziorem.pl\/goscie\/wp-json\/wp\/v2\/pages\/2304\/revisions"}],"predecessor-version":[{"id":3255,"href":"https:\/\/osadanadjeziorem.pl\/goscie\/wp-json\/wp\/v2\/pages\/2304\/revisions\/3255"}],"wp:attachment":[{"href":"https:\/\/osadanadjeziorem.pl\/goscie\/wp-json\/wp\/v2\/media?parent=2304"}],"curies":[{"name":"wp","href":"https:\/\/api.w.org\/{rel}","templated":true}]}}