{"id":2302,"date":"2025-06-27T02:19:06","date_gmt":"2025-06-27T00:19:06","guid":{"rendered":"https:\/\/osadanadjeziorem.pl\/goscie\/?page_id=2302"},"modified":"2026-04-16T21:45:08","modified_gmt":"2026-04-16T19:45:08","slug":"do-lasu-i-na-grzyby","status":"publish","type":"page","link":"https:\/\/osadanadjeziorem.pl\/goscie\/do-lasu-i-na-grzyby\/","title":{"rendered":"Do lasu i na grzyby"},"content":{"rendered":"\t\t<div data-elementor-type=\"wp-page\" data-elementor-id=\"2302\" class=\"elementor elementor-2302\">\n\t\t\t\t<div class=\"elementor-element elementor-element-12c24509 e-flex e-con-boxed e-con e-parent\" data-id=\"12c24509\" data-element_type=\"container\">\n\t\t\t\t\t<div class=\"e-con-inner\">\n\t\t\t\t<div class=\"elementor-element elementor-element-67a3a3b6 elementor-button-info elementor-align-center elementor-widget elementor-widget-button\" data-id=\"67a3a3b6\" data-element_type=\"widget\" data-widget_type=\"button.default\">\n\t\t\t\t<div class=\"elementor-widget-container\">\n\t\t\t\t\t\t\t\t\t<div class=\"elementor-button-wrapper\">\n\t\t\t\t\t<a class=\"elementor-button elementor-button-link elementor-size-sm\" href=\"https:\/\/osadanadjeziorem.pl\/goscie\/plazowanie\/\">\n\t\t\t\t\t\t<span class=\"elementor-button-content-wrapper\">\n\t\t\t\t\t\t\t\t\t<span class=\"elementor-button-text\">Pla\u017cowanie<\/span>\n\t\t\t\t\t<\/span>\n\t\t\t\t\t<\/a>\n\t\t\t\t<\/div>\n\t\t\t\t\t\t\t\t<\/div>\n\t\t\t\t<\/div>\n\t\t\t\t<div class=\"elementor-element elementor-element-1226d483 elementor-button-info elementor-align-center elementor-widget elementor-widget-button\" data-id=\"1226d483\" data-element_type=\"widget\" data-widget_type=\"button.default\">\n\t\t\t\t<div class=\"elementor-widget-container\">\n\t\t\t\t\t\t\t\t\t<div class=\"elementor-button-wrapper\">\n\t\t\t\t\t<a class=\"elementor-button elementor-button-link elementor-size-sm\" href=\"https:\/\/osadanadjeziorem.pl\/goscie\/wedkowanie\/\">\n\t\t\t\t\t\t<span class=\"elementor-button-content-wrapper\">\n\t\t\t\t\t\t\t\t\t<span class=\"elementor-button-text\">W\u0119dkowanie<\/span>\n\t\t\t\t\t<\/span>\n\t\t\t\t\t<\/a>\n\t\t\t\t<\/div>\n\t\t\t\t\t\t\t\t<\/div>\n\t\t\t\t<\/div>\n\t\t\t\t<div class=\"elementor-element elementor-element-6b24cd5e elementor-button-info elementor-align-center elementor-widget elementor-widget-button\" data-id=\"6b24cd5e\" data-element_type=\"widget\" data-widget_type=\"button.default\">\n\t\t\t\t<div class=\"elementor-widget-container\">\n\t\t\t\t\t\t\t\t\t<div class=\"elementor-button-wrapper\">\n\t\t\t\t\t<a class=\"elementor-button elementor-button-link elementor-size-sm\" href=\"https:\/\/osadanadjeziorem.pl\/goscie\/kajaki-i-lodki\/\">\n\t\t\t\t\t\t<span class=\"elementor-button-content-wrapper\">\n\t\t\t\t\t\t\t\t\t<span class=\"elementor-button-text\">Kajaki i \u0142\u00f3dki<\/span>\n\t\t\t\t\t<\/span>\n\t\t\t\t\t<\/a>\n\t\t\t\t<\/div>\n\t\t\t\t\t\t\t\t<\/div>\n\t\t\t\t<\/div>\n\t\t\t\t<div class=\"elementor-element elementor-element-5449730e elementor-button-info elementor-align-center elementor-widget elementor-widget-button\" data-id=\"5449730e\" data-element_type=\"widget\" data-widget_type=\"button.default\">\n\t\t\t\t<div class=\"elementor-widget-container\">\n\t\t\t\t\t\t\t\t\t<div class=\"elementor-button-wrapper\">\n\t\t\t\t\t<a class=\"elementor-button elementor-button-link elementor-size-sm\" href=\"https:\/\/osadanadjeziorem.pl\/goscie\/do-lasu-i-na-grzyby\/\">\n\t\t\t\t\t\t<span class=\"elementor-button-content-wrapper\">\n\t\t\t\t\t\t\t\t\t<span class=\"elementor-button-text\">Do lasu i na grzyby<\/span>\n\t\t\t\t\t<\/span>\n\t\t\t\t\t<\/a>\n\t\t\t\t<\/div>\n\t\t\t\t\t\t\t\t<\/div>\n\t\t\t\t<\/div>\n\t\t\t\t<div class=\"elementor-element elementor-element-7074e70 elementor-button-info elementor-align-center elementor-widget elementor-widget-button\" data-id=\"7074e70\" data-element_type=\"widget\" data-widget_type=\"button.default\">\n\t\t\t\t<div class=\"elementor-widget-container\">\n\t\t\t\t\t\t\t\t\t<div class=\"elementor-button-wrapper\">\n\t\t\t\t\t<a class=\"elementor-button elementor-button-link elementor-size-sm\" href=\"https:\/\/osadanadjeziorem.pl\/goscie\/sala-muzyczna\/\">\n\t\t\t\t\t\t<span class=\"elementor-button-content-wrapper\">\n\t\t\t\t\t\t\t\t\t<span class=\"elementor-button-text\">Sala muzyczna<\/span>\n\t\t\t\t\t<\/span>\n\t\t\t\t\t<\/a>\n\t\t\t\t<\/div>\n\t\t\t\t\t\t\t\t<\/div>\n\t\t\t\t<\/div>\n\t\t\t\t<div class=\"elementor-element elementor-element-26348877 elementor-button-info elementor-align-center elementor-widget elementor-widget-button\" data-id=\"26348877\" data-element_type=\"widget\" data-widget_type=\"button.default\">\n\t\t\t\t<div class=\"elementor-widget-container\">\n\t\t\t\t\t\t\t\t\t<div class=\"elementor-button-wrapper\">\n\t\t\t\t\t<a class=\"elementor-button elementor-button-link elementor-size-sm\" href=\"https:\/\/osadanadjeziorem.pl\/goscie\/okolica\/\">\n\t\t\t\t\t\t<span class=\"elementor-button-content-wrapper\">\n\t\t\t\t\t\t\t\t\t<span class=\"elementor-button-text\">Okolica<\/span>\n\t\t\t\t\t<\/span>\n\t\t\t\t\t<\/a>\n\t\t\t\t<\/div>\n\t\t\t\t\t\t\t\t<\/div>\n\t\t\t\t<\/div>\n\t\t\t\t\t<\/div>\n\t\t\t\t<\/div>\n\t\t<div class=\"elementor-element elementor-element-5310b4cb e-flex e-con-boxed e-con e-parent\" data-id=\"5310b4cb\" data-element_type=\"container\">\n\t\t\t\t\t<div class=\"e-con-inner\">\n\t\t<div class=\"elementor-element elementor-element-4d349cc6 e-con-full e-flex e-con e-child\" data-id=\"4d349cc6\" data-element_type=\"container\">\n\t\t\t\t<div class=\"elementor-element elementor-element-213b9ccc hover-grow elementor-arrows-position-inside elementor-pagination-position-outside elementor-widget elementor-widget-image-carousel\" data-id=\"213b9ccc\" data-element_type=\"widget\" data-settings=\"{&quot;slides_to_show&quot;:&quot;1&quot;,&quot;navigation&quot;:&quot;both&quot;,&quot;autoplay&quot;:&quot;yes&quot;,&quot;pause_on_hover&quot;:&quot;yes&quot;,&quot;pause_on_interaction&quot;:&quot;yes&quot;,&quot;autoplay_speed&quot;:5000,&quot;infinite&quot;:&quot;yes&quot;,&quot;effect&quot;:&quot;slide&quot;,&quot;speed&quot;:500}\" data-widget_type=\"image-carousel.default\">\n\t\t\t\t<div class=\"elementor-widget-container\">\n\t\t\t\t\t\t\t<div class=\"elementor-image-carousel-wrapper swiper\" role=\"region\" aria-roledescription=\"carousel\" aria-label=\"Karuzela obrazk\u00f3w\" dir=\"ltr\">\n\t\t\t<div class=\"elementor-image-carousel swiper-wrapper\" aria-live=\"off\">\n\t\t\t\t\t\t\t\t<div class=\"swiper-slide\" role=\"group\" aria-roledescription=\"slide\" aria-label=\"1 z 4\"><a data-elementor-open-lightbox=\"yes\" data-elementor-lightbox-slideshow=\"213b9ccc\" data-e-action-hash=\"#elementor-action%3Aaction%3Dlightbox%26settings%3DeyJpZCI6MjM5NSwidXJsIjoiaHR0cHM6XC9cL29zYWRhbmFkamV6aW9yZW0ucGxcL2dvc2NpZVwvd3AtY29udGVudFwvdXBsb2Fkc1wvMjAyNVwvMDZcL2dyenlieS00LXNjYWxlZC0xLmpwZyIsInNsaWRlc2hvdyI6IjIxM2I5Y2NjIn0%3D\" href=\"https:\/\/osadanadjeziorem.pl\/goscie\/wp-content\/uploads\/2025\/06\/grzyby-4-scaled-1.jpg\"><figure class=\"swiper-slide-inner\"><img decoding=\"async\" class=\"swiper-slide-image\" src=\"https:\/\/osadanadjeziorem.pl\/goscie\/wp-content\/uploads\/2025\/06\/grzyby-4-scaled-1-1536x2048.jpg\" alt=\"\" \/><\/figure><\/a><\/div><div class=\"swiper-slide\" role=\"group\" aria-roledescription=\"slide\" aria-label=\"2 z 4\"><a data-elementor-open-lightbox=\"yes\" data-elementor-lightbox-slideshow=\"213b9ccc\" data-e-action-hash=\"#elementor-action%3Aaction%3Dlightbox%26settings%3DeyJpZCI6MjM5NiwidXJsIjoiaHR0cHM6XC9cL29zYWRhbmFkamV6aW9yZW0ucGxcL2dvc2NpZVwvd3AtY29udGVudFwvdXBsb2Fkc1wvMjAyNVwvMDZcL2dyenliLXNjYWxlZC0xLmpwZyIsInNsaWRlc2hvdyI6IjIxM2I5Y2NjIn0%3D\" href=\"https:\/\/osadanadjeziorem.pl\/goscie\/wp-content\/uploads\/2025\/06\/grzyb-scaled-1.jpg\"><figure class=\"swiper-slide-inner\"><img decoding=\"async\" class=\"swiper-slide-image\" src=\"https:\/\/osadanadjeziorem.pl\/goscie\/wp-content\/uploads\/2025\/06\/grzyb-scaled-1-1536x2048.jpg\" alt=\"\" \/><\/figure><\/a><\/div><div class=\"swiper-slide\" role=\"group\" aria-roledescription=\"slide\" aria-label=\"3 z 4\"><a data-elementor-open-lightbox=\"yes\" data-elementor-lightbox-slideshow=\"213b9ccc\" data-e-action-hash=\"#elementor-action%3Aaction%3Dlightbox%26settings%3DeyJpZCI6MjM5NywidXJsIjoiaHR0cHM6XC9cL29zYWRhbmFkamV6aW9yZW0ucGxcL2dvc2NpZVwvd3AtY29udGVudFwvdXBsb2Fkc1wvMjAyNVwvMDZcL2dyenlieS03LXNjYWxlZC0xLmpwZyIsInNsaWRlc2hvdyI6IjIxM2I5Y2NjIn0%3D\" href=\"https:\/\/osadanadjeziorem.pl\/goscie\/wp-content\/uploads\/2025\/06\/grzyby-7-scaled-1.jpg\"><figure class=\"swiper-slide-inner\"><img decoding=\"async\" class=\"swiper-slide-image\" src=\"https:\/\/osadanadjeziorem.pl\/goscie\/wp-content\/uploads\/2025\/06\/grzyby-7-scaled-1-1536x2048.jpg\" alt=\"\" \/><\/figure><\/a><\/div><div class=\"swiper-slide\" role=\"group\" aria-roledescription=\"slide\" aria-label=\"4 z 4\"><a data-elementor-open-lightbox=\"yes\" data-elementor-lightbox-slideshow=\"213b9ccc\" data-e-action-hash=\"#elementor-action%3Aaction%3Dlightbox%26settings%3DeyJpZCI6MjM5OCwidXJsIjoiaHR0cHM6XC9cL29zYWRhbmFkamV6aW9yZW0ucGxcL2dvc2NpZVwvd3AtY29udGVudFwvdXBsb2Fkc1wvMjAyNVwvMDZcL2dyenlieS1zY2FsZWQtMS5qcGciLCJzbGlkZXNob3ciOiIyMTNiOWNjYyJ9\" href=\"https:\/\/osadanadjeziorem.pl\/goscie\/wp-content\/uploads\/2025\/06\/grzyby-scaled-1.jpg\"><figure class=\"swiper-slide-inner\"><img decoding=\"async\" class=\"swiper-slide-image\" src=\"https:\/\/osadanadjeziorem.pl\/goscie\/wp-content\/uploads\/2025\/06\/grzyby-scaled-1-1536x2048.jpg\" alt=\"\" \/><\/figure><\/a><\/div>\t\t\t<\/div>\n\t\t\t\t\t\t\t\t\t\t\t\t<div class=\"elementor-swiper-button elementor-swiper-button-prev\" role=\"button\" tabindex=\"0\">\n\t\t\t\t\t\t<i aria-hidden=\"true\" class=\"eicon-chevron-left\"><\/i>\t\t\t\t\t<\/div>\n\t\t\t\t\t<div class=\"elementor-swiper-button elementor-swiper-button-next\" role=\"button\" tabindex=\"0\">\n\t\t\t\t\t\t<i aria-hidden=\"true\" class=\"eicon-chevron-right\"><\/i>\t\t\t\t\t<\/div>\n\t\t\t\t\n\t\t\t\t\t\t\t\t\t<div class=\"swiper-pagination\"><\/div>\n\t\t\t\t\t\t\t\t\t<\/div>\n\t\t\t\t\t\t<\/div>\n\t\t\t\t<\/div>\n\t\t\t\t<\/div>\n\t\t<div class=\"elementor-element elementor-element-4d74396f e-con-full e-flex e-con e-child\" data-id=\"4d74396f\" data-element_type=\"container\">\n\t\t\t\t<div class=\"elementor-element elementor-element-6fcd60ae animated-slow elementor-invisible elementor-widget elementor-widget-heading\" data-id=\"6fcd60ae\" data-element_type=\"widget\" data-settings=\"{&quot;_animation&quot;:&quot;fadeIn&quot;}\" data-widget_type=\"heading.default\">\n\t\t\t\t<div class=\"elementor-widget-container\">\n\t\t\t\t\t<h2 class=\"elementor-heading-title elementor-size-default\">Kilka metr\u00f3w od dom\u00f3w<\/h2>\t\t\t\t<\/div>\n\t\t\t\t<\/div>\n\t\t\t\t<div class=\"elementor-element elementor-element-31f63ca0 animated-slow elementor-invisible elementor-widget elementor-widget-text-editor\" data-id=\"31f63ca0\" data-element_type=\"widget\" data-settings=\"{&quot;_animation&quot;:&quot;fadeIn&quot;,&quot;_animation_delay&quot;:120}\" data-widget_type=\"text-editor.default\">\n\t\t\t\t<div class=\"elementor-widget-container\">\n\t\t\t\t\t\t\t\t\t<p>Je\u015bli zamiast wody wolisz pos\u0142ucha\u0107 szumu drzew i \u015bpiewu ptak\u00f3w &#8211; zapraszamy na piesze wycieczki w g\u0142\u0105b lasu.<\/p><br><p>Otaczaj\u0105 nas bory mieszane, gdzie <strong style=\"color: #2baf95;\">nie tylko z\u0142apiesz oddech<\/strong>, ale i odkryjesz raj dla grzybiarzy \u2013 zar\u00f3wno do\u015bwiadczonych, jak i tych, na kt\u00f3rych koncie pojawi si\u0119 pierwszy ma\u015blak.<\/p><br>\n\n\n<p><strong style=\"color: #2baf95;\">Ju\u017c kilkaset metr\u00f3w od domk\u00f3w <\/strong>znajdziesz \u015bcie\u017cki prowadz\u0105ce w g\u0142\u0105b lasu, gdzie przy odrobinie szcz\u0119\u015bcia wr\u00f3cisz z koszykiem pe\u0142nym borowik\u00f3w!<\/p>\t\t\t\t\t\t\t\t<\/div>\n\t\t\t\t<\/div>\n\t\t\t\t<\/div>\n\t\t\t\t\t<\/div>\n\t\t\t\t<\/div>\n\t\t<div class=\"elementor-element elementor-element-14545838 e-flex e-con-boxed e-con e-parent\" data-id=\"14545838\" data-element_type=\"container\">\n\t\t\t\t\t<div class=\"e-con-inner\">\n\t\t\t\t<div class=\"elementor-element elementor-element-5d7b1d23 gallery-spacing-custom hover-grow elementor-widget elementor-widget-image-gallery\" data-id=\"5d7b1d23\" data-element_type=\"widget\" data-widget_type=\"image-gallery.default\">\n\t\t\t\t<div class=\"elementor-widget-container\">\n\t\t\t\t\t\t\t<div class=\"elementor-image-gallery\">\n\t\t\t<div id='gallery-1' class='gallery galleryid-2302 gallery-columns-2 gallery-size-1536x1536'><figure class='gallery-item'>\n\t\t\t<div class='gallery-icon portrait'>\n\t\t\t\t<a data-elementor-open-lightbox=\"yes\" data-elementor-lightbox-slideshow=\"5d7b1d23\" data-e-action-hash=\"#elementor-action%3Aaction%3Dlightbox%26settings%3DeyJpZCI6MjM5OSwidXJsIjoiaHR0cHM6XC9cL29zYWRhbmFkamV6aW9yZW0ucGxcL2dvc2NpZVwvd3AtY29udGVudFwvdXBsb2Fkc1wvMjAyNVwvMDZcL2dkenlieS02LXNjYWxlZC0xLmpwZyIsInNsaWRlc2hvdyI6IjVkN2IxZDIzIn0%3D\" href='https:\/\/osadanadjeziorem.pl\/goscie\/wp-content\/uploads\/2025\/06\/gdzyby-6-scaled-1.jpg'><img fetchpriority=\"high\" decoding=\"async\" width=\"1152\" height=\"1536\" src=\"https:\/\/osadanadjeziorem.pl\/goscie\/wp-content\/uploads\/2025\/06\/gdzyby-6-scaled-1-1152x1536.jpg\" class=\"attachment-1536x1536 size-1536x1536\" alt=\"\" srcset=\"https:\/\/osadanadjeziorem.pl\/goscie\/wp-content\/uploads\/2025\/06\/gdzyby-6-scaled-1-1152x1536.jpg 1152w, https:\/\/osadanadjeziorem.pl\/goscie\/wp-content\/uploads\/2025\/06\/gdzyby-6-scaled-1-225x300.jpg 225w, https:\/\/osadanadjeziorem.pl\/goscie\/wp-content\/uploads\/2025\/06\/gdzyby-6-scaled-1-768x1024.jpg 768w, https:\/\/osadanadjeziorem.pl\/goscie\/wp-content\/uploads\/2025\/06\/gdzyby-6-scaled-1-1536x2048.jpg 1536w, https:\/\/osadanadjeziorem.pl\/goscie\/wp-content\/uploads\/2025\/06\/gdzyby-6-scaled-1.jpg 1920w\" sizes=\"(max-width: 1152px) 100vw, 1152px\" \/><\/a>\n\t\t\t<\/div><\/figure><figure class='gallery-item'>\n\t\t\t<div class='gallery-icon portrait'>\n\t\t\t\t<a data-elementor-open-lightbox=\"yes\" data-elementor-lightbox-slideshow=\"5d7b1d23\" data-e-action-hash=\"#elementor-action%3Aaction%3Dlightbox%26settings%3DeyJpZCI6MjQwMCwidXJsIjoiaHR0cHM6XC9cL29zYWRhbmFkamV6aW9yZW0ucGxcL2dvc2NpZVwvd3AtY29udGVudFwvdXBsb2Fkc1wvMjAyNVwvMDZcL2dyenlieS0yLXNjYWxlZC0xLmpwZyIsInNsaWRlc2hvdyI6IjVkN2IxZDIzIn0%3D\" href='https:\/\/osadanadjeziorem.pl\/goscie\/wp-content\/uploads\/2025\/06\/grzyby-2-scaled-1.jpg'><img decoding=\"async\" width=\"1152\" height=\"1536\" src=\"https:\/\/osadanadjeziorem.pl\/goscie\/wp-content\/uploads\/2025\/06\/grzyby-2-scaled-1-1152x1536.jpg\" class=\"attachment-1536x1536 size-1536x1536\" alt=\"\" srcset=\"https:\/\/osadanadjeziorem.pl\/goscie\/wp-content\/uploads\/2025\/06\/grzyby-2-scaled-1-1152x1536.jpg 1152w, https:\/\/osadanadjeziorem.pl\/goscie\/wp-content\/uploads\/2025\/06\/grzyby-2-scaled-1-225x300.jpg 225w, https:\/\/osadanadjeziorem.pl\/goscie\/wp-content\/uploads\/2025\/06\/grzyby-2-scaled-1-768x1024.jpg 768w, https:\/\/osadanadjeziorem.pl\/goscie\/wp-content\/uploads\/2025\/06\/grzyby-2-scaled-1-1536x2048.jpg 1536w, https:\/\/osadanadjeziorem.pl\/goscie\/wp-content\/uploads\/2025\/06\/grzyby-2-scaled-1.jpg 1920w\" sizes=\"(max-width: 1152px) 100vw, 1152px\" \/><\/a>\n\t\t\t<\/div><\/figure>\n\t\t<\/div>\n\t\t<\/div>\n\t\t\t\t\t\t<\/div>\n\t\t\t\t<\/div>\n\t\t\t\t\t<\/div>\n\t\t\t\t<\/div>\n\t\t<div class=\"elementor-element elementor-element-1e24ad8f e-flex e-con-boxed e-con e-parent\" data-id=\"1e24ad8f\" data-element_type=\"container\">\n\t\t\t\t\t<div class=\"e-con-inner\">\n\t\t\t\t<div class=\"elementor-element elementor-element-56f783b6 hover-grow elementor-widget elementor-widget-image\" data-id=\"56f783b6\" data-element_type=\"widget\" data-widget_type=\"image.default\">\n\t\t\t\t<div class=\"elementor-widget-container\">\n\t\t\t\t\t\t\t\t\t\t\t\t\t\t\t\t<a href=\"https:\/\/osadanadjeziorem.pl\/goscie\/wp-content\/uploads\/2025\/06\/okolica6-scaled-1.jpg\" data-elementor-open-lightbox=\"yes\" data-e-action-hash=\"#elementor-action%3Aaction%3Dlightbox%26settings%3DeyJpZCI6MjQwMSwidXJsIjoiaHR0cHM6XC9cL29zYWRhbmFkamV6aW9yZW0ucGxcL2dvc2NpZVwvd3AtY29udGVudFwvdXBsb2Fkc1wvMjAyNVwvMDZcL29rb2xpY2E2LXNjYWxlZC0xLmpwZyJ9\">\n\t\t\t\t\t\t\t<img decoding=\"async\" width=\"1024\" height=\"768\" src=\"https:\/\/osadanadjeziorem.pl\/goscie\/wp-content\/uploads\/2025\/06\/okolica6-scaled-1-1024x768.jpg\" class=\"attachment-large size-large wp-image-2401\" alt=\"\" srcset=\"https:\/\/osadanadjeziorem.pl\/goscie\/wp-content\/uploads\/2025\/06\/okolica6-scaled-1-1024x768.jpg 1024w, https:\/\/osadanadjeziorem.pl\/goscie\/wp-content\/uploads\/2025\/06\/okolica6-scaled-1-300x225.jpg 300w, https:\/\/osadanadjeziorem.pl\/goscie\/wp-content\/uploads\/2025\/06\/okolica6-scaled-1-768x576.jpg 768w, https:\/\/osadanadjeziorem.pl\/goscie\/wp-content\/uploads\/2025\/06\/okolica6-scaled-1-1536x1152.jpg 1536w, https:\/\/osadanadjeziorem.pl\/goscie\/wp-content\/uploads\/2025\/06\/okolica6-scaled-1-2048x1536.jpg 2048w\" sizes=\"(max-width: 1024px) 100vw, 1024px\" \/>\t\t\t\t\t\t\t\t<\/a>\n\t\t\t\t\t\t\t\t\t\t\t\t\t\t\t<\/div>\n\t\t\t\t<\/div>\n\t\t\t\t\t<\/div>\n\t\t\t\t<\/div>\n\t\t\t\t<\/div>\n\t\t","protected":false},"excerpt":{"rendered":"<p>Pla\u017cowanie W\u0119dkowanie Kajaki i \u0142\u00f3dki Do lasu i na grzyby Sala muzyczna Okolica Kilka metr\u00f3w od dom\u00f3w Je\u015bli zamiast wody wolisz pos\u0142ucha\u0107 szumu drzew i \u015bpiewu ptak\u00f3w &#8211; zapraszamy na piesze wycieczki w g\u0142\u0105b lasu. Otaczaj\u0105 nas bory mieszane, gdzie nie tylko z\u0142apiesz oddech, ale i odkryjesz raj dla grzybiarzy \u2013 zar\u00f3wno do\u015bwiadczonych, jak i [&hellip;]<\/p>\n","protected":false},"author":3,"featured_media":0,"parent":0,"menu_order":0,"comment_status":"closed","ping_status":"closed","template":"","meta":{"site-sidebar-layout":"no-sidebar","site-content-layout":"page-builder","ast-site-content-layout":"full-width-container","site-content-style":"default","site-sidebar-style":"default","ast-global-header-display":"","ast-banner-title-visibility":"","ast-main-header-display":"","ast-hfb-above-header-display":"","ast-hfb-below-header-display":"","ast-hfb-mobile-header-display":"","site-post-title":"disabled","ast-breadcrumbs-content":"","ast-featured-img":"disabled","footer-sml-layout":"","theme-transparent-header-meta":"","adv-header-id-meta":"","stick-header-meta":"","header-above-stick-meta":"","header-main-stick-meta":"","header-below-stick-meta":"","astra-migrate-meta-layouts":"set","ast-page-background-enabled":"default","ast-page-background-meta":{"desktop":{"background-color":"var(--ast-global-color-4)","background-image":"","background-repeat":"repeat","background-position":"center center","background-size":"auto","background-attachment":"scroll","background-type":"","background-media":"","overlay-type":"","overlay-color":"","overlay-opacity":"","overlay-gradient":""},"tablet":{"background-color":"","background-image":"","background-repeat":"repeat","background-position":"center center","background-size":"auto","background-attachment":"scroll","background-type":"","background-media":"","overlay-type":"","overlay-color":"","overlay-opacity":"","overlay-gradient":""},"mobile":{"background-color":"","background-image":"","background-repeat":"repeat","background-position":"center center","background-size":"auto","background-attachment":"scroll","background-type":"","background-media":"","overlay-type":"","overlay-color":"","overlay-opacity":"","overlay-gradient":""}},"ast-content-background-meta":{"desktop":{"background-color":"var(--ast-global-color-5)","background-image":"","background-repeat":"repeat","background-position":"center center","background-size":"auto","background-attachment":"scroll","background-type":"","background-media":"","overlay-type":"","overlay-color":"","overlay-opacity":"","overlay-gradient":""},"tablet":{"background-color":"var(--ast-global-color-5)","background-image":"","background-repeat":"repeat","background-position":"center center","background-size":"auto","background-attachment":"scroll","background-type":"","background-media":"","overlay-type":"","overlay-color":"","overlay-opacity":"","overlay-gradient":""},"mobile":{"background-color":"var(--ast-global-color-5)","background-image":"","background-repeat":"repeat","background-position":"center center","background-size":"auto","background-attachment":"scroll","background-type":"","background-media":"","overlay-type":"","overlay-color":"","overlay-opacity":"","overlay-gradient":""}},"footnotes":""},"class_list":["post-2302","page","type-page","status-publish","hentry"],"_links":{"self":[{"href":"https:\/\/osadanadjeziorem.pl\/goscie\/wp-json\/wp\/v2\/pages\/2302","targetHints":{"allow":["GET"]}}],"collection":[{"href":"https:\/\/osadanadjeziorem.pl\/goscie\/wp-json\/wp\/v2\/pages"}],"about":[{"href":"https:\/\/osadanadjeziorem.pl\/goscie\/wp-json\/wp\/v2\/types\/page"}],"author":[{"embeddable":true,"href":"https:\/\/osadanadjeziorem.pl\/goscie\/wp-json\/wp\/v2\/users\/3"}],"replies":[{"embeddable":true,"href":"https:\/\/osadanadjeziorem.pl\/goscie\/wp-json\/wp\/v2\/comments?post=2302"}],"version-history":[{"count":25,"href":"https:\/\/osadanadjeziorem.pl\/goscie\/wp-json\/wp\/v2\/pages\/2302\/revisions"}],"predecessor-version":[{"id":3356,"href":"https:\/\/osadanadjeziorem.pl\/goscie\/wp-json\/wp\/v2\/pages\/2302\/revisions\/3356"}],"wp:attachment":[{"href":"https:\/\/osadanadjeziorem.pl\/goscie\/wp-json\/wp\/v2\/media?parent=2302"}],"curies":[{"name":"wp","href":"https:\/\/api.w.org\/{rel}","templated":true}]}}