{"id":2251,"date":"2025-06-27T01:55:40","date_gmt":"2025-06-26T23:55:40","guid":{"rendered":"https:\/\/osadanadjeziorem.pl\/goscie\/?page_id=2251"},"modified":"2026-03-27T14:51:40","modified_gmt":"2026-03-27T13:51:40","slug":"cennik","status":"publish","type":"page","link":"https:\/\/osadanadjeziorem.pl\/goscie\/cennik\/","title":{"rendered":"Cennik"},"content":{"rendered":"\t\t<div data-elementor-type=\"wp-page\" data-elementor-id=\"2251\" class=\"elementor elementor-2251\">\n\t\t\t\t<div class=\"elementor-element elementor-element-12b6f14a e-flex e-con-boxed e-con e-parent\" data-id=\"12b6f14a\" data-element_type=\"container\">\n\t\t\t\t\t<div class=\"e-con-inner\">\n\t\t\t\t<div class=\"elementor-element elementor-element-4a50b328 animated-slow elementor-invisible elementor-widget elementor-widget-heading\" data-id=\"4a50b328\" data-element_type=\"widget\" data-settings=\"{&quot;_animation&quot;:&quot;fadeIn&quot;}\" data-widget_type=\"heading.default\">\n\t\t\t\t<div class=\"elementor-widget-container\">\n\t\t\t\t\t<h2 class=\"elementor-heading-title elementor-size-default\">Co wchodzi w cen\u0119 wynajmu domku?<\/h2>\t\t\t\t<\/div>\n\t\t\t\t<\/div>\n\t\t\t\t<div class=\"elementor-element elementor-element-3dfffa08 animated-slow elementor-invisible elementor-widget elementor-widget-text-editor\" data-id=\"3dfffa08\" data-element_type=\"widget\" data-settings=\"{&quot;_animation&quot;:&quot;fadeIn&quot;,&quot;_animation_delay&quot;:120}\" data-widget_type=\"text-editor.default\">\n\t\t\t\t<div class=\"elementor-widget-container\">\n\t\t\t\t\t\t\t\t\t<p>Cena obejmuje wynajem domku razem z wyposa\u017ceniem, miejscem parkingowym, dost\u0119pem do jeziora i pomostu, kajakami oraz miejscem na ognisko. Nie doliczamy \u017cadnych dodatkowych op\u0142at &#8211; wszystko jest wliczone.<\/p>\n\n<br>\n\n<p>Dodatkowo prosimy o zapoznanie si\u0119 z regulaminem dost\u0119pnym <span style=\"text-decoration: underline;\"><a href=\"https:\/\/osadanadjeziorem.pl\/goscie\/regulamin\/\" target=\"_blank\" rel=\"noopener\">tutaj<\/a><\/span>.<\/p>\n\n<br>\n\n<p>A przy rezerwacji, <span style=\"color: #2baf95;\">zapytaj o swoje zni\u017cki! \ud83d\ude09<\/span><\/p>\t\t\t\t\t\t\t\t<\/div>\n\t\t\t\t<\/div>\n\t\t\t\t\t<\/div>\n\t\t\t\t<\/div>\n\t\t\t\t<section class=\"elementor-section elementor-top-section elementor-element elementor-element-653f0ad elementor-section-content-middle elementor-section-boxed elementor-section-height-default elementor-section-height-default\" data-id=\"653f0ad\" data-element_type=\"section\" data-settings=\"{&quot;background_background&quot;:&quot;classic&quot;}\">\n\t\t\t\t\t\t\t<div class=\"elementor-background-overlay\"><\/div>\n\t\t\t\t\t\t\t<div class=\"elementor-container elementor-column-gap-no\">\n\t\t\t\t\t<div class=\"elementor-column elementor-col-33 elementor-top-column elementor-element elementor-element-2f907892 attraction-card animated-slow elementor-invisible\" data-id=\"2f907892\" data-element_type=\"column\" data-settings=\"{&quot;animation_delay&quot;:300,&quot;animation&quot;:&quot;fadeIn&quot;}\">\n\t\t\t<div class=\"elementor-widget-wrap elementor-element-populated\">\n\t\t\t\t\t\t<div class=\"elementor-element elementor-element-7d47f33e elementor-widget elementor-widget-image\" data-id=\"7d47f33e\" data-element_type=\"widget\" data-widget_type=\"image.default\">\n\t\t\t\t<div class=\"elementor-widget-container\">\n\t\t\t\t\t\t\t\t\t\t\t\t\t\t\t<img fetchpriority=\"high\" decoding=\"async\" width=\"1024\" height=\"768\" src=\"https:\/\/osadanadjeziorem.pl\/goscie\/wp-content\/uploads\/2025\/06\/cennik-niskie-1024x768.jpg\" class=\"attachment-large size-large wp-image-2320\" alt=\"\" srcset=\"https:\/\/osadanadjeziorem.pl\/goscie\/wp-content\/uploads\/2025\/06\/cennik-niskie-1024x768.jpg 1024w, https:\/\/osadanadjeziorem.pl\/goscie\/wp-content\/uploads\/2025\/06\/cennik-niskie-300x225.jpg 300w, https:\/\/osadanadjeziorem.pl\/goscie\/wp-content\/uploads\/2025\/06\/cennik-niskie-768x576.jpg 768w, https:\/\/osadanadjeziorem.pl\/goscie\/wp-content\/uploads\/2025\/06\/cennik-niskie-1536x1152.jpg 1536w, https:\/\/osadanadjeziorem.pl\/goscie\/wp-content\/uploads\/2025\/06\/cennik-niskie-2048x1536.jpg 2048w\" sizes=\"(max-width: 1024px) 100vw, 1024px\" \/>\t\t\t\t\t\t\t\t\t\t\t\t\t\t\t<\/div>\n\t\t\t\t<\/div>\n\t\t\t\t<div class=\"elementor-element elementor-element-56757ab5 elementor-widget elementor-widget-heading\" data-id=\"56757ab5\" data-element_type=\"widget\" data-widget_type=\"heading.default\">\n\t\t\t\t<div class=\"elementor-widget-container\">\n\t\t\t\t\t<h2 class=\"elementor-heading-title elementor-size-default\">Sezon niski<\/h2>\t\t\t\t<\/div>\n\t\t\t\t<\/div>\n\t\t\t\t<div class=\"elementor-element elementor-element-65a5f532 attraction-card elementor-widget elementor-widget-heading\" data-id=\"65a5f532\" data-element_type=\"widget\" data-widget_type=\"heading.default\">\n\t\t\t\t<div class=\"elementor-widget-container\">\n\t\t\t\t\t<h3 class=\"elementor-heading-title elementor-size-default\">500 z\u0142\/ doba<\/h3>\t\t\t\t<\/div>\n\t\t\t\t<\/div>\n\t\t\t\t<div class=\"elementor-element elementor-element-3572a51 elementor-widget elementor-widget-text-editor\" data-id=\"3572a51\" data-element_type=\"widget\" data-widget_type=\"text-editor.default\">\n\t\t\t\t<div class=\"elementor-widget-container\">\n\t\t\t\t\t\t\t\t\t<p>*minimum 2 doby<\/p>\t\t\t\t\t\t\t\t<\/div>\n\t\t\t\t<\/div>\n\t\t\t\t<div class=\"elementor-element elementor-element-272330f2 elementor-widget elementor-widget-text-editor\" data-id=\"272330f2\" data-element_type=\"widget\" data-widget_type=\"text-editor.default\">\n\t\t\t\t<div class=\"elementor-widget-container\">\n\t\t\t\t\t\t\t\t\t<p>stycze\u0144 &#8211; kwiecie\u0144,<\/p>\n<p>pa\u017adziernik &#8211; grudzie\u0144<\/p>\t\t\t\t\t\t\t\t<\/div>\n\t\t\t\t<\/div>\n\t\t\t\t\t<\/div>\n\t\t<\/div>\n\t\t\t\t<div class=\"elementor-column elementor-col-33 elementor-top-column elementor-element elementor-element-52feeb46 attraction-card animated-slow elementor-invisible\" data-id=\"52feeb46\" data-element_type=\"column\" data-settings=\"{&quot;animation_delay&quot;:600,&quot;animation&quot;:&quot;fadeIn&quot;}\">\n\t\t\t<div class=\"elementor-widget-wrap elementor-element-populated\">\n\t\t\t\t\t\t<div class=\"elementor-element elementor-element-22ba131 elementor-widget elementor-widget-image\" data-id=\"22ba131\" data-element_type=\"widget\" data-widget_type=\"image.default\">\n\t\t\t\t<div class=\"elementor-widget-container\">\n\t\t\t\t\t\t\t\t\t\t\t\t\t\t\t<img decoding=\"async\" width=\"1024\" height=\"768\" src=\"https:\/\/osadanadjeziorem.pl\/goscie\/wp-content\/uploads\/2025\/06\/start-odkryj-domy-1024x768.webp\" class=\"attachment-large size-large wp-image-17\" alt=\"\" srcset=\"https:\/\/osadanadjeziorem.pl\/goscie\/wp-content\/uploads\/2025\/06\/start-odkryj-domy-1024x768.webp 1024w, https:\/\/osadanadjeziorem.pl\/goscie\/wp-content\/uploads\/2025\/06\/start-odkryj-domy-300x225.webp 300w, https:\/\/osadanadjeziorem.pl\/goscie\/wp-content\/uploads\/2025\/06\/start-odkryj-domy-768x576.webp 768w, https:\/\/osadanadjeziorem.pl\/goscie\/wp-content\/uploads\/2025\/06\/start-odkryj-domy-1536x1152.webp 1536w, https:\/\/osadanadjeziorem.pl\/goscie\/wp-content\/uploads\/2025\/06\/start-odkryj-domy-2048x1536.webp 2048w\" sizes=\"(max-width: 1024px) 100vw, 1024px\" \/>\t\t\t\t\t\t\t\t\t\t\t\t\t\t\t<\/div>\n\t\t\t\t<\/div>\n\t\t\t\t<div class=\"elementor-element elementor-element-7f242f98 elementor-widget elementor-widget-heading\" data-id=\"7f242f98\" data-element_type=\"widget\" data-widget_type=\"heading.default\">\n\t\t\t\t<div class=\"elementor-widget-container\">\n\t\t\t\t\t<h2 class=\"elementor-heading-title elementor-size-default\">Sezon \u015bredni<\/h2>\t\t\t\t<\/div>\n\t\t\t\t<\/div>\n\t\t\t\t<div class=\"elementor-element elementor-element-1f8ff018 attraction-card elementor-widget elementor-widget-heading\" data-id=\"1f8ff018\" data-element_type=\"widget\" data-widget_type=\"heading.default\">\n\t\t\t\t<div class=\"elementor-widget-container\">\n\t\t\t\t\t<h3 class=\"elementor-heading-title elementor-size-default\">700 z\u0142\/ doba<\/h3>\t\t\t\t<\/div>\n\t\t\t\t<\/div>\n\t\t\t\t<div class=\"elementor-element elementor-element-8df9600 elementor-widget elementor-widget-text-editor\" data-id=\"8df9600\" data-element_type=\"widget\" data-widget_type=\"text-editor.default\">\n\t\t\t\t<div class=\"elementor-widget-container\">\n\t\t\t\t\t\t\t\t\t<p>*minimum 3 doby<\/p>\t\t\t\t\t\t\t\t<\/div>\n\t\t\t\t<\/div>\n\t\t\t\t<div class=\"elementor-element elementor-element-47bee156 elementor-widget elementor-widget-text-editor\" data-id=\"47bee156\" data-element_type=\"widget\" data-widget_type=\"text-editor.default\">\n\t\t\t\t<div class=\"elementor-widget-container\">\n\t\t\t\t\t\t\t\t\t<p>maj &#8211; czerwiec,<\/p><p>wrzesie\u0144<\/p>\t\t\t\t\t\t\t\t<\/div>\n\t\t\t\t<\/div>\n\t\t\t\t\t<\/div>\n\t\t<\/div>\n\t\t\t\t<div class=\"elementor-column elementor-col-33 elementor-top-column elementor-element elementor-element-77351569 attraction-card animated-slow elementor-invisible\" data-id=\"77351569\" data-element_type=\"column\" data-settings=\"{&quot;animation_delay&quot;:900,&quot;animation&quot;:&quot;fadeIn&quot;}\">\n\t\t\t<div class=\"elementor-widget-wrap elementor-element-populated\">\n\t\t\t\t\t\t<div class=\"elementor-element elementor-element-21f1e0eb elementor-widget elementor-widget-image\" data-id=\"21f1e0eb\" data-element_type=\"widget\" data-widget_type=\"image.default\">\n\t\t\t\t<div class=\"elementor-widget-container\">\n\t\t\t\t\t\t\t\t\t\t\t\t\t\t\t<img decoding=\"async\" width=\"1024\" height=\"768\" src=\"https:\/\/osadanadjeziorem.pl\/goscie\/wp-content\/uploads\/2025\/06\/domy-6-1024x768.jpg\" class=\"attachment-large size-large wp-image-2323\" alt=\"\" srcset=\"https:\/\/osadanadjeziorem.pl\/goscie\/wp-content\/uploads\/2025\/06\/domy-6-1024x768.jpg 1024w, https:\/\/osadanadjeziorem.pl\/goscie\/wp-content\/uploads\/2025\/06\/domy-6-300x225.jpg 300w, https:\/\/osadanadjeziorem.pl\/goscie\/wp-content\/uploads\/2025\/06\/domy-6-768x576.jpg 768w, https:\/\/osadanadjeziorem.pl\/goscie\/wp-content\/uploads\/2025\/06\/domy-6-1536x1152.jpg 1536w, https:\/\/osadanadjeziorem.pl\/goscie\/wp-content\/uploads\/2025\/06\/domy-6-2048x1536.jpg 2048w\" sizes=\"(max-width: 1024px) 100vw, 1024px\" \/>\t\t\t\t\t\t\t\t\t\t\t\t\t\t\t<\/div>\n\t\t\t\t<\/div>\n\t\t\t\t<div class=\"elementor-element elementor-element-8ab45f3 elementor-widget elementor-widget-heading\" data-id=\"8ab45f3\" data-element_type=\"widget\" data-widget_type=\"heading.default\">\n\t\t\t\t<div class=\"elementor-widget-container\">\n\t\t\t\t\t<h2 class=\"elementor-heading-title elementor-size-default\">Sezon wysoki<\/h2>\t\t\t\t<\/div>\n\t\t\t\t<\/div>\n\t\t\t\t<div class=\"elementor-element elementor-element-64981bca attraction-card elementor-widget elementor-widget-heading\" data-id=\"64981bca\" data-element_type=\"widget\" data-widget_type=\"heading.default\">\n\t\t\t\t<div class=\"elementor-widget-container\">\n\t\t\t\t\t<h3 class=\"elementor-heading-title elementor-size-default\">800 z\u0142\/ doba<\/h3>\t\t\t\t<\/div>\n\t\t\t\t<\/div>\n\t\t\t\t<div class=\"elementor-element elementor-element-2b18900 elementor-widget elementor-widget-text-editor\" data-id=\"2b18900\" data-element_type=\"widget\" data-widget_type=\"text-editor.default\">\n\t\t\t\t<div class=\"elementor-widget-container\">\n\t\t\t\t\t\t\t\t\t<p>*sobota &#8211; sobota<\/p>\t\t\t\t\t\t\t\t<\/div>\n\t\t\t\t<\/div>\n\t\t\t\t<div class=\"elementor-element elementor-element-60196186 elementor-widget elementor-widget-text-editor\" data-id=\"60196186\" data-element_type=\"widget\" data-widget_type=\"text-editor.default\">\n\t\t\t\t<div class=\"elementor-widget-container\">\n\t\t\t\t\t\t\t\t\t<p>lipiec &#8211; sierpie\u0144<\/p><p>i \u015bwi\u0119ta (Sylwester, Bo\u017ce Cia\u0142o,<\/p><p>Wielkanoc, Maj\u00f3wka)<\/p>\t\t\t\t\t\t\t\t<\/div>\n\t\t\t\t<\/div>\n\t\t\t\t\t<\/div>\n\t\t<\/div>\n\t\t\t\t\t<\/div>\n\t\t<\/section>\n\t\t<div class=\"elementor-element elementor-element-1e7361a4 animated-slow e-flex e-con-boxed e-con e-parent\" data-id=\"1e7361a4\" data-element_type=\"container\" data-settings=\"{&quot;animation&quot;:&quot;none&quot;}\">\n\t\t\t\t\t<div class=\"e-con-inner\">\n\t\t\t\t<div class=\"elementor-element elementor-element-6b5eb01 elementor-align-center popmake-2176 animated-slow elementor-invisible elementor-widget elementor-widget-button\" data-id=\"6b5eb01\" data-element_type=\"widget\" data-settings=\"{&quot;_animation&quot;:&quot;fadeIn&quot;,&quot;_animation_delay&quot;:200}\" data-widget_type=\"button.default\">\n\t\t\t\t<div class=\"elementor-widget-container\">\n\t\t\t\t\t\t\t\t\t<div class=\"elementor-button-wrapper\">\n\t\t\t\t\t<a class=\"elementor-button elementor-button-link elementor-size-sm\" href=\"#\">\n\t\t\t\t\t\t<span class=\"elementor-button-content-wrapper\">\n\t\t\t\t\t\t\t\t\t<span class=\"elementor-button-text\">Zarezerwuj<\/span>\n\t\t\t\t\t<\/span>\n\t\t\t\t\t<\/a>\n\t\t\t\t<\/div>\n\t\t\t\t\t\t\t\t<\/div>\n\t\t\t\t<\/div>\n\t\t\t\t\t<\/div>\n\t\t\t\t<\/div>\n\t\t<div class=\"elementor-element elementor-element-53c67e55 e-flex e-con-boxed e-con e-parent\" data-id=\"53c67e55\" data-element_type=\"container\" data-settings=\"{&quot;background_background&quot;:&quot;classic&quot;}\">\n\t\t\t\t\t<div class=\"e-con-inner\">\n\t\t<div class=\"elementor-element elementor-element-5dcaf3bb e-con-full e-flex e-con e-child\" data-id=\"5dcaf3bb\" data-element_type=\"container\">\n\t\t\t\t<div class=\"elementor-element elementor-element-248456a animated-slow elementor-invisible elementor-widget elementor-widget-heading\" data-id=\"248456a\" data-element_type=\"widget\" data-settings=\"{&quot;_animation&quot;:&quot;fadeIn&quot;}\" data-widget_type=\"heading.default\">\n\t\t\t\t<div class=\"elementor-widget-container\">\n\t\t\t\t\t<h2 class=\"elementor-heading-title elementor-size-default\">Dodatkowe informacje\u200b<\/h2>\t\t\t\t<\/div>\n\t\t\t\t<\/div>\n\t\t\t\t<div class=\"elementor-element elementor-element-7cb5b4e8 elementor-widget elementor-widget-spacer\" data-id=\"7cb5b4e8\" data-element_type=\"widget\" data-widget_type=\"spacer.default\">\n\t\t\t\t<div class=\"elementor-widget-container\">\n\t\t\t\t\t\t\t<div class=\"elementor-spacer\">\n\t\t\t<div class=\"elementor-spacer-inner\"><\/div>\n\t\t<\/div>\n\t\t\t\t\t\t<\/div>\n\t\t\t\t<\/div>\n\t\t\t\t<div class=\"elementor-element elementor-element-31be8461 elementor-align-center elementor-mobile-align-center animated-slow elementor-invisible elementor-widget elementor-widget-button\" data-id=\"31be8461\" data-element_type=\"widget\" data-settings=\"{&quot;_animation&quot;:&quot;fadeIn&quot;,&quot;_animation_delay&quot;:200}\" data-widget_type=\"button.default\">\n\t\t\t\t<div class=\"elementor-widget-container\">\n\t\t\t\t\t\t\t\t\t<div class=\"elementor-button-wrapper\">\n\t\t\t\t\t<a class=\"elementor-button elementor-button-link elementor-size-sm\" href=\"https:\/\/osadanadjeziorem.pl\/goscie\/regulamin\/\" target=\"_blank\">\n\t\t\t\t\t\t<span class=\"elementor-button-content-wrapper\">\n\t\t\t\t\t\t\t\t\t<span class=\"elementor-button-text\">Regulamin<\/span>\n\t\t\t\t\t<\/span>\n\t\t\t\t\t<\/a>\n\t\t\t\t<\/div>\n\t\t\t\t\t\t\t\t<\/div>\n\t\t\t\t<\/div>\n\t\t\t\t<\/div>\n\t\t<div class=\"elementor-element elementor-element-77795e8c e-con-full e-flex e-con e-child\" data-id=\"77795e8c\" data-element_type=\"container\">\n\t\t\t\t<div class=\"elementor-element elementor-element-32f5d5fc animated-slow elementor-invisible elementor-widget elementor-widget-text-editor\" data-id=\"32f5d5fc\" data-element_type=\"widget\" data-settings=\"{&quot;_animation&quot;:&quot;fadeIn&quot;,&quot;_animation_delay&quot;:120}\" data-widget_type=\"text-editor.default\">\n\t\t\t\t<div class=\"elementor-widget-container\">\n\t\t\t\t\t\t\t\t\t<ul><li class=\"\" data-start=\"290\" data-end=\"350\"><p class=\"\" data-start=\"292\" data-end=\"350\">Kaucja zwrotna: 500 z\u0142 (p\u0142atna got\u00f3wk\u0105 w dniu przyjazdu)<\/p><\/li><li class=\"\" data-start=\"430\" data-end=\"461\"><p class=\"\" data-start=\"432\" data-end=\"461\">Doba trwa od 16:00 do 10:00<\/p><\/li><li class=\"\" data-start=\"462\" data-end=\"489\"><p class=\"\" data-start=\"464\" data-end=\"489\">Cisza nocna: 22:00\u20137:00<\/p><\/li><li class=\"\" data-start=\"490\" data-end=\"544\"><p class=\"\" data-start=\"492\" data-end=\"544\">Maks. 5 os\u00f3b w domku (zg\u0142oszonych przy rezerwacji)<\/p><\/li><li class=\"\" data-start=\"545\" data-end=\"578\"><p class=\"\" data-start=\"547\" data-end=\"578\">2 miejsca parkingowe na domek<\/p><\/li><li class=\"\" data-start=\"579\" data-end=\"642\"><p class=\"\" data-start=\"581\" data-end=\"642\">Pobyt zwierz\u0105t mo\u017cliwy wy\u0142\u0105cznie po wcze\u015bniejszym uzgodnieniu<\/p><\/li><\/ul>\t\t\t\t\t\t\t\t<\/div>\n\t\t\t\t<\/div>\n\t\t\t\t<\/div>\n\t\t\t\t\t<\/div>\n\t\t\t\t<\/div>\n\t\t\t\t<\/div>\n\t\t","protected":false},"excerpt":{"rendered":"<p>Co wchodzi w cen\u0119 wynajmu domku? Cena obejmuje wynajem domku razem z wyposa\u017ceniem, miejscem parkingowym, dost\u0119pem do jeziora i pomostu, kajakami oraz miejscem na ognisko. Nie doliczamy \u017cadnych dodatkowych op\u0142at &#8211; wszystko jest wliczone. Dodatkowo prosimy o zapoznanie si\u0119 z regulaminem dost\u0119pnym tutaj. A przy rezerwacji, zapytaj o swoje zni\u017cki! \ud83d\ude09 Sezon niski 500 z\u0142\/ [&hellip;]<\/p>\n","protected":false},"author":3,"featured_media":0,"parent":0,"menu_order":0,"comment_status":"closed","ping_status":"closed","template":"","meta":{"site-sidebar-layout":"no-sidebar","site-content-layout":"page-builder","ast-site-content-layout":"full-width-container","site-content-style":"default","site-sidebar-style":"default","ast-global-header-display":"","ast-banner-title-visibility":"","ast-main-header-display":"","ast-hfb-above-header-display":"","ast-hfb-below-header-display":"","ast-hfb-mobile-header-display":"","site-post-title":"disabled","ast-breadcrumbs-content":"","ast-featured-img":"disabled","footer-sml-layout":"","theme-transparent-header-meta":"","adv-header-id-meta":"","stick-header-meta":"","header-above-stick-meta":"","header-main-stick-meta":"","header-below-stick-meta":"","astra-migrate-meta-layouts":"set","ast-page-background-enabled":"default","ast-page-background-meta":{"desktop":{"background-color":"var(--ast-global-color-4)","background-image":"","background-repeat":"repeat","background-position":"center center","background-size":"auto","background-attachment":"scroll","background-type":"","background-media":"","overlay-type":"","overlay-color":"","overlay-opacity":"","overlay-gradient":""},"tablet":{"background-color":"","background-image":"","background-repeat":"repeat","background-position":"center center","background-size":"auto","background-attachment":"scroll","background-type":"","background-media":"","overlay-type":"","overlay-color":"","overlay-opacity":"","overlay-gradient":""},"mobile":{"background-color":"","background-image":"","background-repeat":"repeat","background-position":"center center","background-size":"auto","background-attachment":"scroll","background-type":"","background-media":"","overlay-type":"","overlay-color":"","overlay-opacity":"","overlay-gradient":""}},"ast-content-background-meta":{"desktop":{"background-color":"var(--ast-global-color-5)","background-image":"","background-repeat":"repeat","background-position":"center center","background-size":"auto","background-attachment":"scroll","background-type":"","background-media":"","overlay-type":"","overlay-color":"","overlay-opacity":"","overlay-gradient":""},"tablet":{"background-color":"var(--ast-global-color-5)","background-image":"","background-repeat":"repeat","background-position":"center center","background-size":"auto","background-attachment":"scroll","background-type":"","background-media":"","overlay-type":"","overlay-color":"","overlay-opacity":"","overlay-gradient":""},"mobile":{"background-color":"var(--ast-global-color-5)","background-image":"","background-repeat":"repeat","background-position":"center center","background-size":"auto","background-attachment":"scroll","background-type":"","background-media":"","overlay-type":"","overlay-color":"","overlay-opacity":"","overlay-gradient":""}},"footnotes":""},"class_list":["post-2251","page","type-page","status-publish","hentry"],"_links":{"self":[{"href":"https:\/\/osadanadjeziorem.pl\/goscie\/wp-json\/wp\/v2\/pages\/2251","targetHints":{"allow":["GET"]}}],"collection":[{"href":"https:\/\/osadanadjeziorem.pl\/goscie\/wp-json\/wp\/v2\/pages"}],"about":[{"href":"https:\/\/osadanadjeziorem.pl\/goscie\/wp-json\/wp\/v2\/types\/page"}],"author":[{"embeddable":true,"href":"https:\/\/osadanadjeziorem.pl\/goscie\/wp-json\/wp\/v2\/users\/3"}],"replies":[{"embeddable":true,"href":"https:\/\/osadanadjeziorem.pl\/goscie\/wp-json\/wp\/v2\/comments?post=2251"}],"version-history":[{"count":79,"href":"https:\/\/osadanadjeziorem.pl\/goscie\/wp-json\/wp\/v2\/pages\/2251\/revisions"}],"predecessor-version":[{"id":3274,"href":"https:\/\/osadanadjeziorem.pl\/goscie\/wp-json\/wp\/v2\/pages\/2251\/revisions\/3274"}],"wp:attachment":[{"href":"https:\/\/osadanadjeziorem.pl\/goscie\/wp-json\/wp\/v2\/media?parent=2251"}],"curies":[{"name":"wp","href":"https:\/\/api.w.org\/{rel}","templated":true}]}}